{"id":141,"date":"2021-11-16T17:04:36","date_gmt":"2021-11-16T16:04:36","guid":{"rendered":"http:\/\/zastepchelmno.pl\/?page_id=141"},"modified":"2023-03-30T10:49:24","modified_gmt":"2023-03-30T09:49:24","slug":"izba-tortur","status":"publish","type":"page","link":"https:\/\/zastepchelmno.pl\/index.php\/izba-tortur\/","title":{"rendered":"Izba tortur"},"content":{"rendered":"\t\t<div data-elementor-type=\"wp-page\" data-elementor-id=\"141\" class=\"elementor elementor-141\" data-elementor-post-type=\"page\">\n\t\t\t\t\t\t<section class=\"elementor-section elementor-top-section elementor-element elementor-element-db61541 elementor-section-boxed elementor-section-height-default elementor-section-height-default\" data-id=\"db61541\" data-element_type=\"section\">\n\t\t\t\t\t\t<div class=\"elementor-container elementor-column-gap-default\">\n\t\t\t\t\t<div class=\"elementor-column elementor-col-50 elementor-top-column elementor-element elementor-element-d6bcd74\" data-id=\"d6bcd74\" data-element_type=\"column\">\n\t\t\t<div class=\"elementor-widget-wrap elementor-element-populated\">\n\t\t\t\t\t\t<div class=\"elementor-element elementor-element-743abd2 elementor-widget elementor-widget-heading\" data-id=\"743abd2\" data-element_type=\"widget\" data-widget_type=\"heading.default\">\n\t\t\t\t<div class=\"elementor-widget-container\">\n\t\t\t\t\t<h2 class=\"elementor-heading-title elementor-size-default\">Izba tortur<\/h2>\t\t\t\t<\/div>\n\t\t\t\t<\/div>\n\t\t\t\t<div class=\"elementor-element elementor-element-b8ba84b elementor-widget elementor-widget-text-editor\" data-id=\"b8ba84b\" data-element_type=\"widget\" data-widget_type=\"text-editor.default\">\n\t\t\t\t<div class=\"elementor-widget-container\">\n\t\t\t\t\t\t\t\t\t<p>Na terenie \u015bredniowiecznej osady rycerskiej usytuowanej przy ulicy Ko\u015bcielnej 7 w Che\u0142mnie&nbsp; znajduje si\u0119 izba tortur &#8211; miejsce, kt\u00f3re w szczeg\u00f3lno\u015bci doceni\u0105 mi\u0142o\u015bnicy historii i mocnych wra\u017ce\u0144.<\/p>\n<p>Izba zawiera wiele replik historycznych narz\u0119dzi tortur, kt\u00f3re wykorzystywane by\u0142y na ternie Polski i Europy nie tylko w \u015bredniowieczu, ale r\u00f3wnie\u017c w czasach nowo\u017cytnych.<\/p>\n<p>Wystawa zawiera opisy narz\u0119dzi i histori\u0119 wymierzania kar, a tak\u017ce pozwala zapozna\u0107 si\u0119 bli\u017cej z profesj\u0105 kata. Szczeg\u00f3\u0142owe opisy dostarcz\u0105 dawk\u0119 historycznej wiedzy, a wiernie odwzorowane repliki pozwol\u0105 lepiej zrozumie\u0107 groz\u0119 dawnych czas\u00f3w. <\/p>\n<p>W tym niepowtarzalnym miejscu mo\u017cna z bliska przyjrze\u0107 si\u0119 dawnym narz\u0119dziom tortur, pozna\u0107 katowskie sposoby zadawania b\u00f3lu i wymuszania zezna\u0144, ale tak\u017ce zrozumie\u0107, \u017ce system dawnych kar nie polega\u0142 tylko na okaleczaniu.<\/p>\n<p><\/p>\n<p>Zach\u0119camy do odwiedzenia i zapoznania si\u0119 z wystaw\u0105.<\/p>\n<div>&nbsp;<\/div>\n<div>&nbsp;<\/div>\n<p>Izba tortur powsta\u0142a w 2016 roku z inicjatywy Zast\u0119pu Rycerskiego z Che\u0142mna z wykorzystaniem \u015brodk\u00f3w pozyskanych z bud\u017cetu obywatelskiego. Izba udost\u0119pniona jest do zwiedzania z przewodnikiem przez ca\u0142y rok. Natomiast w sezonie letnim izba<br>tortur oraz osada jest udost\u0119pniana turystom w okre\u015blonych dniach i<br>godzinach uzgodnionych z Urz\u0119dem Miasta Che\u0142mna.<\/p>\t\t\t\t\t\t\t\t<\/div>\n\t\t\t\t<\/div>\n\t\t\t\t\t<\/div>\n\t\t<\/div>\n\t\t\t\t<div class=\"elementor-column elementor-col-50 elementor-top-column elementor-element elementor-element-e41ea67\" data-id=\"e41ea67\" data-element_type=\"column\" data-settings=\"{&quot;background_background&quot;:&quot;slideshow&quot;,&quot;background_slideshow_gallery&quot;:[{&quot;id&quot;:293,&quot;url&quot;:&quot;http:\\\/\\\/zastepchelmno.pl\\\/wp-content\\\/uploads\\\/2022\\\/02\\\/izba9.jpg&quot;},{&quot;id&quot;:294,&quot;url&quot;:&quot;http:\\\/\\\/zastepchelmno.pl\\\/wp-content\\\/uploads\\\/2022\\\/02\\\/izba8.jpg&quot;},{&quot;id&quot;:300,&quot;url&quot;:&quot;http:\\\/\\\/zastepchelmno.pl\\\/wp-content\\\/uploads\\\/2022\\\/02\\\/izba2.jpg&quot;},{&quot;id&quot;:299,&quot;url&quot;:&quot;http:\\\/\\\/zastepchelmno.pl\\\/wp-content\\\/uploads\\\/2022\\\/02\\\/izb3.jpg&quot;},{&quot;id&quot;:301,&quot;url&quot;:&quot;http:\\\/\\\/zastepchelmno.pl\\\/wp-content\\\/uploads\\\/2022\\\/02\\\/izba1.jpg&quot;},{&quot;id&quot;:298,&quot;url&quot;:&quot;http:\\\/\\\/zastepchelmno.pl\\\/wp-content\\\/uploads\\\/2022\\\/02\\\/izba4.jpg&quot;},{&quot;id&quot;:297,&quot;url&quot;:&quot;http:\\\/\\\/zastepchelmno.pl\\\/wp-content\\\/uploads\\\/2022\\\/02\\\/izba5.jpg&quot;}],&quot;background_slideshow_ken_burns&quot;:&quot;yes&quot;,&quot;background_slideshow_loop&quot;:&quot;yes&quot;,&quot;background_slideshow_slide_duration&quot;:5000,&quot;background_slideshow_slide_transition&quot;:&quot;fade&quot;,&quot;background_slideshow_transition_duration&quot;:500,&quot;background_slideshow_ken_burns_zoom_direction&quot;:&quot;in&quot;}\">\n\t\t\t<div class=\"elementor-widget-wrap elementor-element-populated\">\n\t\t\t\t\t\t<div class=\"elementor-element elementor-element-c9387ad elementor-widget elementor-widget-spacer\" data-id=\"c9387ad\" data-element_type=\"widget\" data-widget_type=\"spacer.default\">\n\t\t\t\t<div class=\"elementor-widget-container\">\n\t\t\t\t\t\t\t<div class=\"elementor-spacer\">\n\t\t\t<div class=\"elementor-spacer-inner\"><\/div>\n\t\t<\/div>\n\t\t\t\t\t\t<\/div>\n\t\t\t\t<\/div>\n\t\t\t\t\t<\/div>\n\t\t<\/div>\n\t\t\t\t\t<\/div>\n\t\t<\/section>\n\t\t\t\t<section class=\"elementor-section elementor-top-section elementor-element elementor-element-8805abd elementor-section-boxed elementor-section-height-default elementor-section-height-default\" data-id=\"8805abd\" data-element_type=\"section\">\n\t\t\t\t\t\t<div class=\"elementor-container elementor-column-gap-default\">\n\t\t\t\t\t<div class=\"elementor-column elementor-col-100 elementor-top-column elementor-element elementor-element-a8b7de7\" data-id=\"a8b7de7\" data-element_type=\"column\">\n\t\t\t<div class=\"elementor-widget-wrap elementor-element-populated\">\n\t\t\t\t\t\t<div class=\"elementor-element elementor-element-97ee7af elementor-view-framed elementor-shape-circle elementor-widget elementor-widget-icon\" data-id=\"97ee7af\" data-element_type=\"widget\" data-widget_type=\"icon.default\">\n\t\t\t\t<div class=\"elementor-widget-container\">\n\t\t\t\t\t\t\t<div class=\"elementor-icon-wrapper\">\n\t\t\t<a class=\"elementor-icon\" href=\"https:\/\/pl-pl.facebook.com\/zastepchelmno\/\">\n\t\t\t<i aria-hidden=\"true\" class=\"fab fa-facebook-square\"><\/i>\t\t\t<\/a>\n\t\t<\/div>\n\t\t\t\t\t\t<\/div>\n\t\t\t\t<\/div>\n\t\t\t\t\t<\/div>\n\t\t<\/div>\n\t\t\t\t\t<\/div>\n\t\t<\/section>\n\t\t\t\t<\/div>\n\t\t","protected":false},"excerpt":{"rendered":"<p>Izba tortur Na terenie \u015bredniowiecznej osady rycerskiej usytuowanej przy ulicy Ko\u015bcielnej 7 w Che\u0142mnie&nbsp; znajduje si\u0119 izba tortur &#8211; miejsce, kt\u00f3re w szczeg\u00f3lno\u015bci doceni\u0105 mi\u0142o\u015bnicy historii i mocnych wra\u017ce\u0144. Izba zawiera wiele replik historycznych narz\u0119dzi tortur, kt\u00f3re wykorzystywane by\u0142y na ternie Polski i Europy nie tylko w \u015bredniowieczu, ale r\u00f3wnie\u017c w czasach nowo\u017cytnych. Wystawa zawiera [&hellip;]<\/p>\n","protected":false},"author":1,"featured_media":0,"parent":0,"menu_order":0,"comment_status":"closed","ping_status":"closed","template":"","meta":{"footnotes":""},"class_list":["post-141","page","type-page","status-publish","hentry"],"aioseo_notices":[],"yoast_head":"<!-- This site is optimized with the Yoast SEO plugin v18.8 - https:\/\/yoast.com\/wordpress\/plugins\/seo\/ -->\n<title>Izba tortur - Zast\u0119p Rycerski z Che\u0142mna<\/title>\n<meta name=\"robots\" content=\"index, follow, max-snippet:-1, max-image-preview:large, max-video-preview:-1\" \/>\n<link rel=\"canonical\" href=\"https:\/\/zastepchelmno.pl\/index.php\/izba-tortur\/\" \/>\n<meta property=\"og:locale\" content=\"pl_PL\" \/>\n<meta property=\"og:type\" content=\"article\" \/>\n<meta property=\"og:title\" content=\"Izba tortur - Zast\u0119p Rycerski z Che\u0142mna\" \/>\n<meta property=\"og:description\" content=\"Izba tortur Na terenie \u015bredniowiecznej osady rycerskiej usytuowanej przy ulicy Ko\u015bcielnej 7 w Che\u0142mnie&nbsp; znajduje si\u0119 izba tortur &#8211; miejsce, kt\u00f3re w szczeg\u00f3lno\u015bci doceni\u0105 mi\u0142o\u015bnicy historii i mocnych wra\u017ce\u0144. Izba zawiera wiele replik historycznych narz\u0119dzi tortur, kt\u00f3re wykorzystywane by\u0142y na ternie Polski i Europy nie tylko w \u015bredniowieczu, ale r\u00f3wnie\u017c w czasach nowo\u017cytnych. Wystawa zawiera [&hellip;]\" \/>\n<meta property=\"og:url\" content=\"https:\/\/zastepchelmno.pl\/index.php\/izba-tortur\/\" \/>\n<meta property=\"og:site_name\" content=\"Zast\u0119p Rycerski z Che\u0142mna\" \/>\n<meta property=\"article:modified_time\" content=\"2023-03-30T09:49:24+00:00\" \/>\n<meta name=\"twitter:card\" content=\"summary_large_image\" \/>\n<meta name=\"twitter:label1\" content=\"Szacowany czas czytania\" \/>\n\t<meta name=\"twitter:data1\" content=\"1 minuta\" \/>\n<script type=\"application\/ld+json\" class=\"yoast-schema-graph\">{\"@context\":\"https:\/\/schema.org\",\"@graph\":[{\"@type\":\"WebSite\",\"@id\":\"https:\/\/zastepchelmno.pl\/#website\",\"url\":\"https:\/\/zastepchelmno.pl\/\",\"name\":\"Zast\u0119p Rycerski z Che\u0142mna\",\"description\":\"Stowarzyszenie non-profit skupiaj\u0105ce si\u0119 na rekonstrukcji historycznej z okresu p&oacute;\u017anego \u015bredniowiecza.\",\"potentialAction\":[{\"@type\":\"SearchAction\",\"target\":{\"@type\":\"EntryPoint\",\"urlTemplate\":\"https:\/\/zastepchelmno.pl\/?s={search_term_string}\"},\"query-input\":\"required name=search_term_string\"}],\"inLanguage\":\"pl-PL\"},{\"@type\":\"WebPage\",\"@id\":\"https:\/\/zastepchelmno.pl\/index.php\/izba-tortur\/#webpage\",\"url\":\"https:\/\/zastepchelmno.pl\/index.php\/izba-tortur\/\",\"name\":\"Izba tortur - Zast\u0119p Rycerski z Che\u0142mna\",\"isPartOf\":{\"@id\":\"https:\/\/zastepchelmno.pl\/#website\"},\"datePublished\":\"2021-11-16T16:04:36+00:00\",\"dateModified\":\"2023-03-30T09:49:24+00:00\",\"breadcrumb\":{\"@id\":\"https:\/\/zastepchelmno.pl\/index.php\/izba-tortur\/#breadcrumb\"},\"inLanguage\":\"pl-PL\",\"potentialAction\":[{\"@type\":\"ReadAction\",\"target\":[\"https:\/\/zastepchelmno.pl\/index.php\/izba-tortur\/\"]}]},{\"@type\":\"BreadcrumbList\",\"@id\":\"https:\/\/zastepchelmno.pl\/index.php\/izba-tortur\/#breadcrumb\",\"itemListElement\":[{\"@type\":\"ListItem\",\"position\":1,\"name\":\"Strona g\u0142\u00f3wna\",\"item\":\"https:\/\/zastepchelmno.pl\/\"},{\"@type\":\"ListItem\",\"position\":2,\"name\":\"Izba tortur\"}]}]}<\/script>\n<!-- \/ Yoast SEO plugin. -->","yoast_head_json":{"title":"Izba tortur - Zast\u0119p Rycerski z Che\u0142mna","robots":{"index":"index","follow":"follow","max-snippet":"max-snippet:-1","max-image-preview":"max-image-preview:large","max-video-preview":"max-video-preview:-1"},"canonical":"https:\/\/zastepchelmno.pl\/index.php\/izba-tortur\/","og_locale":"pl_PL","og_type":"article","og_title":"Izba tortur - Zast\u0119p Rycerski z Che\u0142mna","og_description":"Izba tortur Na terenie \u015bredniowiecznej osady rycerskiej usytuowanej przy ulicy Ko\u015bcielnej 7 w Che\u0142mnie&nbsp; znajduje si\u0119 izba tortur &#8211; miejsce, kt\u00f3re w szczeg\u00f3lno\u015bci doceni\u0105 mi\u0142o\u015bnicy historii i mocnych wra\u017ce\u0144. Izba zawiera wiele replik historycznych narz\u0119dzi tortur, kt\u00f3re wykorzystywane by\u0142y na ternie Polski i Europy nie tylko w \u015bredniowieczu, ale r\u00f3wnie\u017c w czasach nowo\u017cytnych. Wystawa zawiera [&hellip;]","og_url":"https:\/\/zastepchelmno.pl\/index.php\/izba-tortur\/","og_site_name":"Zast\u0119p Rycerski z Che\u0142mna","article_modified_time":"2023-03-30T09:49:24+00:00","twitter_card":"summary_large_image","twitter_misc":{"Szacowany czas czytania":"1 minuta"},"schema":{"@context":"https:\/\/schema.org","@graph":[{"@type":"WebSite","@id":"https:\/\/zastepchelmno.pl\/#website","url":"https:\/\/zastepchelmno.pl\/","name":"Zast\u0119p Rycerski z Che\u0142mna","description":"Stowarzyszenie non-profit skupiaj\u0105ce si\u0119 na rekonstrukcji historycznej z okresu p&oacute;\u017anego \u015bredniowiecza.","potentialAction":[{"@type":"SearchAction","target":{"@type":"EntryPoint","urlTemplate":"https:\/\/zastepchelmno.pl\/?s={search_term_string}"},"query-input":"required name=search_term_string"}],"inLanguage":"pl-PL"},{"@type":"WebPage","@id":"https:\/\/zastepchelmno.pl\/index.php\/izba-tortur\/#webpage","url":"https:\/\/zastepchelmno.pl\/index.php\/izba-tortur\/","name":"Izba tortur - Zast\u0119p Rycerski z Che\u0142mna","isPartOf":{"@id":"https:\/\/zastepchelmno.pl\/#website"},"datePublished":"2021-11-16T16:04:36+00:00","dateModified":"2023-03-30T09:49:24+00:00","breadcrumb":{"@id":"https:\/\/zastepchelmno.pl\/index.php\/izba-tortur\/#breadcrumb"},"inLanguage":"pl-PL","potentialAction":[{"@type":"ReadAction","target":["https:\/\/zastepchelmno.pl\/index.php\/izba-tortur\/"]}]},{"@type":"BreadcrumbList","@id":"https:\/\/zastepchelmno.pl\/index.php\/izba-tortur\/#breadcrumb","itemListElement":[{"@type":"ListItem","position":1,"name":"Strona g\u0142\u00f3wna","item":"https:\/\/zastepchelmno.pl\/"},{"@type":"ListItem","position":2,"name":"Izba tortur"}]}]}},"_links":{"self":[{"href":"https:\/\/zastepchelmno.pl\/index.php\/wp-json\/wp\/v2\/pages\/141","targetHints":{"allow":["GET"]}}],"collection":[{"href":"https:\/\/zastepchelmno.pl\/index.php\/wp-json\/wp\/v2\/pages"}],"about":[{"href":"https:\/\/zastepchelmno.pl\/index.php\/wp-json\/wp\/v2\/types\/page"}],"author":[{"embeddable":true,"href":"https:\/\/zastepchelmno.pl\/index.php\/wp-json\/wp\/v2\/users\/1"}],"replies":[{"embeddable":true,"href":"https:\/\/zastepchelmno.pl\/index.php\/wp-json\/wp\/v2\/comments?post=141"}],"version-history":[{"count":55,"href":"https:\/\/zastepchelmno.pl\/index.php\/wp-json\/wp\/v2\/pages\/141\/revisions"}],"predecessor-version":[{"id":821,"href":"https:\/\/zastepchelmno.pl\/index.php\/wp-json\/wp\/v2\/pages\/141\/revisions\/821"}],"wp:attachment":[{"href":"https:\/\/zastepchelmno.pl\/index.php\/wp-json\/wp\/v2\/media?parent=141"}],"curies":[{"name":"wp","href":"https:\/\/api.w.org\/{rel}","templated":true}]}}