{"id":14,"date":"2021-11-06T17:12:22","date_gmt":"2021-11-06T16:12:22","guid":{"rendered":"http:\/\/zastepchelmno.pl\/?page_id=14"},"modified":"2022-02-18T08:19:58","modified_gmt":"2022-02-18T07:19:58","slug":"oferta","status":"publish","type":"page","link":"https:\/\/zastepchelmno.pl\/index.php\/oferta\/","title":{"rendered":"Oferta"},"content":{"rendered":"\t\t<div data-elementor-type=\"wp-page\" data-elementor-id=\"14\" class=\"elementor elementor-14\" data-elementor-post-type=\"page\">\n\t\t\t\t\t\t<section class=\"elementor-section elementor-top-section elementor-element elementor-element-cfa6e3d elementor-section-height-min-height elementor-section-items-stretch elementor-section-content-top elementor-section-boxed elementor-section-height-default\" data-id=\"cfa6e3d\" data-element_type=\"section\" data-settings=\"{&quot;background_background&quot;:&quot;classic&quot;}\">\n\t\t\t\t\t\t<div class=\"elementor-container elementor-column-gap-default\">\n\t\t\t\t\t<div class=\"elementor-column elementor-col-100 elementor-top-column elementor-element elementor-element-b1244d6\" data-id=\"b1244d6\" data-element_type=\"column\">\n\t\t\t<div class=\"elementor-widget-wrap\">\n\t\t\t\t\t\t\t<\/div>\n\t\t<\/div>\n\t\t\t\t\t<\/div>\n\t\t<\/section>\n\t\t\t\t<section class=\"elementor-section elementor-top-section elementor-element elementor-element-e7bf597 elementor-section-boxed elementor-section-height-default elementor-section-height-default\" data-id=\"e7bf597\" data-element_type=\"section\">\n\t\t\t\t\t\t<div class=\"elementor-container elementor-column-gap-default\">\n\t\t\t\t\t<div class=\"elementor-column elementor-col-100 elementor-top-column elementor-element elementor-element-5fbdd2e\" data-id=\"5fbdd2e\" data-element_type=\"column\">\n\t\t\t<div class=\"elementor-widget-wrap elementor-element-populated\">\n\t\t\t\t\t\t<div class=\"elementor-element elementor-element-f28288e elementor-widget elementor-widget-spacer\" data-id=\"f28288e\" data-element_type=\"widget\" data-widget_type=\"spacer.default\">\n\t\t\t\t<div class=\"elementor-widget-container\">\n\t\t\t\t\t\t\t<div class=\"elementor-spacer\">\n\t\t\t<div class=\"elementor-spacer-inner\"><\/div>\n\t\t<\/div>\n\t\t\t\t\t\t<\/div>\n\t\t\t\t<\/div>\n\t\t\t\t\t<\/div>\n\t\t<\/div>\n\t\t\t\t\t<\/div>\n\t\t<\/section>\n\t\t\t\t<section class=\"elementor-section elementor-top-section elementor-element elementor-element-222e27b elementor-section-boxed elementor-section-height-default elementor-section-height-default\" data-id=\"222e27b\" data-element_type=\"section\">\n\t\t\t\t\t\t<div class=\"elementor-container elementor-column-gap-default\">\n\t\t\t\t\t<div class=\"elementor-column elementor-col-50 elementor-top-column elementor-element elementor-element-e5bba02\" data-id=\"e5bba02\" data-element_type=\"column\">\n\t\t\t<div class=\"elementor-widget-wrap elementor-element-populated\">\n\t\t\t\t\t\t<div class=\"elementor-element elementor-element-7dff5c8 elementor-widget elementor-widget-heading\" data-id=\"7dff5c8\" data-element_type=\"widget\" data-widget_type=\"heading.default\">\n\t\t\t\t<div class=\"elementor-widget-container\">\n\t\t\t\t\t<h2 class=\"elementor-heading-title elementor-size-default\">Oferta<\/h2>\t\t\t\t<\/div>\n\t\t\t\t<\/div>\n\t\t\t\t<div class=\"elementor-element elementor-element-558d68e elementor-widget elementor-widget-text-editor\" data-id=\"558d68e\" data-element_type=\"widget\" data-widget_type=\"text-editor.default\">\n\t\t\t\t<div class=\"elementor-widget-container\">\n\t\t\t\t\t\t\t\t\t<p>Zapoznanie z histori\u0105 regionu.<br \/>Om\u00f3wienie \u015bredniowiecznego obyczaju, stroju i uzbrojenia wraz z mo\u017cliwo\u015bci\u0105 przymierzenia element\u00f3w zbroi.<br \/>Pokazy walk rycerskich.<br \/>Nauka fechtunku broni\u0105 treningow\u0105 dla m\u0142odszych uczestnik\u00f3w.<br \/>Pokaz oraz nauka strzelania z \u0142uku historycznego wraz z mo\u017cliwo\u015bci\u0105 zorganizowania turnieju \u0142uczniczego dla wszystkich ch\u0119tnych.<\/p><p>Szko\u0142a artylerii.<br \/>Om\u00f3wienie rozwoju \u015bredniowiecznej broni czarnoprochowej.<br \/>Pokaz jej \u0142adowania i strzelanie.<br \/>Zaci\u0105g do artylerii (dla pe\u0142noletnich):<br \/>mo\u017cliwo\u015b\u0107 przebrania si\u0119 w podstawowy historyczny str\u00f3j artylerzysty krzy\u017cackiego z czas\u00f3w bitwy pod Grunwaldem wraz z uzbrojeniem ochronnym <br \/>oraz samodzielnego przygotowania broni czarnoprochowej wraz z jej \u0142adowaniem i wystrza\u0142em. Wszystko pod czujnym okiem przeszkolonego i do\u015bwiadczonego dow\u00f3dcy artylerii.<\/p><p>Gry i zabawy plebejskie dla m\u0142odszych oraz starszyzny:<br \/>narty bolkowskie, rzut podkow\u0105, wbijanie gwo\u017adzia, przeci\u0105ganie liny i wiele innych na \u017cyczenie i po uzgodnieniu.<\/p><p>Pokaz wybijania \u015bredniowiecznych monet wraz z mo\u017cliwo\u015bci\u0105 samodzielnego wybycia che\u0142mi\u0144skiego denara.<\/p><p>Zwiedzenie izby tortur, spotkanie z katem, om\u00f3wienie narz\u0119dzi tortur, pami\u0105tkowe zdj\u0119cia w dybach lub z wykorzystaniem innych narz\u0119dzi wedle \u017cyczenia i odwagi.<\/p><p>Ognisko wraz z biesiad\u0105 rycersk\u0105 w otoczeniu mur\u00f3w obronnych, przy d\u017awi\u0119kach muzyki.<\/p><p>Organizujemy r\u00f3\u017cnego rodzaju spotkania oraz pokazy dla szk\u00f3\u0142, instytucji firm oraz os\u00f3b prywatnych, w tym imprezy integracyjne, \u017cywe lekcje historii itp.<\/p><p>Istnieje mo\u017cliwo\u015b\u0107 indywidualnego dostosowania oferty lub skorzystania tylko z wybranych atrakcji.<\/p>\t\t\t\t\t\t\t\t<\/div>\n\t\t\t\t<\/div>\n\t\t\t\t\t<\/div>\n\t\t<\/div>\n\t\t\t\t<div class=\"elementor-column elementor-col-50 elementor-top-column elementor-element elementor-element-a606b80\" data-id=\"a606b80\" data-element_type=\"column\" data-settings=\"{&quot;background_background&quot;:&quot;slideshow&quot;,&quot;background_slideshow_gallery&quot;:[{&quot;id&quot;:306,&quot;url&quot;:&quot;http:\\\/\\\/zastepchelmno.pl\\\/wp-content\\\/uploads\\\/2022\\\/02\\\/luk.jpg&quot;},{&quot;id&quot;:305,&quot;url&quot;:&quot;http:\\\/\\\/zastepchelmno.pl\\\/wp-content\\\/uploads\\\/2022\\\/02\\\/artyleria.jpg&quot;},{&quot;id&quot;:304,&quot;url&quot;:&quot;http:\\\/\\\/zastepchelmno.pl\\\/wp-content\\\/uploads\\\/2022\\\/02\\\/artyleria2.jpg&quot;},{&quot;id&quot;:288,&quot;url&quot;:&quot;http:\\\/\\\/zastepchelmno.pl\\\/wp-content\\\/uploads\\\/2022\\\/02\\\/luk1.jpg&quot;},{&quot;id&quot;:307,&quot;url&quot;:&quot;http:\\\/\\\/zastepchelmno.pl\\\/wp-content\\\/uploads\\\/2022\\\/02\\\/rycerzewalka.jpg&quot;},{&quot;id&quot;:303,&quot;url&quot;:&quot;http:\\\/\\\/zastepchelmno.pl\\\/wp-content\\\/uploads\\\/2022\\\/02\\\/treningowe.jpg&quot;},{&quot;id&quot;:291,&quot;url&quot;:&quot;http:\\\/\\\/zastepchelmno.pl\\\/wp-content\\\/uploads\\\/2022\\\/02\\\/rycerzewalka1.jpg&quot;},{&quot;id&quot;:295,&quot;url&quot;:&quot;http:\\\/\\\/zastepchelmno.pl\\\/wp-content\\\/uploads\\\/2022\\\/02\\\/izba7.jpg&quot;}],&quot;background_slideshow_ken_burns&quot;:&quot;yes&quot;,&quot;background_slideshow_loop&quot;:&quot;yes&quot;,&quot;background_slideshow_slide_duration&quot;:5000,&quot;background_slideshow_slide_transition&quot;:&quot;fade&quot;,&quot;background_slideshow_transition_duration&quot;:500,&quot;background_slideshow_ken_burns_zoom_direction&quot;:&quot;in&quot;}\">\n\t\t\t<div class=\"elementor-widget-wrap elementor-element-populated\">\n\t\t\t\t\t\t<div class=\"elementor-element elementor-element-6921626 elementor-widget elementor-widget-spacer\" data-id=\"6921626\" data-element_type=\"widget\" data-widget_type=\"spacer.default\">\n\t\t\t\t<div class=\"elementor-widget-container\">\n\t\t\t\t\t\t\t<div class=\"elementor-spacer\">\n\t\t\t<div class=\"elementor-spacer-inner\"><\/div>\n\t\t<\/div>\n\t\t\t\t\t\t<\/div>\n\t\t\t\t<\/div>\n\t\t\t\t\t<\/div>\n\t\t<\/div>\n\t\t\t\t\t<\/div>\n\t\t<\/section>\n\t\t\t\t<section class=\"elementor-section elementor-top-section elementor-element elementor-element-82f9ad0 elementor-section-boxed elementor-section-height-default elementor-section-height-default\" data-id=\"82f9ad0\" data-element_type=\"section\">\n\t\t\t\t\t\t<div class=\"elementor-container elementor-column-gap-default\">\n\t\t\t\t\t<div class=\"elementor-column elementor-col-100 elementor-top-column elementor-element elementor-element-d6f76f3\" data-id=\"d6f76f3\" data-element_type=\"column\">\n\t\t\t<div class=\"elementor-widget-wrap elementor-element-populated\">\n\t\t\t\t\t\t<div class=\"elementor-element elementor-element-771539c elementor-widget elementor-widget-spacer\" data-id=\"771539c\" data-element_type=\"widget\" data-widget_type=\"spacer.default\">\n\t\t\t\t<div class=\"elementor-widget-container\">\n\t\t\t\t\t\t\t<div class=\"elementor-spacer\">\n\t\t\t<div class=\"elementor-spacer-inner\"><\/div>\n\t\t<\/div>\n\t\t\t\t\t\t<\/div>\n\t\t\t\t<\/div>\n\t\t\t\t<div class=\"elementor-element elementor-element-4ca5c66 elementor-view-framed elementor-shape-circle elementor-widget elementor-widget-icon\" data-id=\"4ca5c66\" data-element_type=\"widget\" data-widget_type=\"icon.default\">\n\t\t\t\t<div class=\"elementor-widget-container\">\n\t\t\t\t\t\t\t<div class=\"elementor-icon-wrapper\">\n\t\t\t<a class=\"elementor-icon\" href=\"https:\/\/pl-pl.facebook.com\/zastepchelmno\/\">\n\t\t\t<i aria-hidden=\"true\" class=\"fab fa-facebook-square\"><\/i>\t\t\t<\/a>\n\t\t<\/div>\n\t\t\t\t\t\t<\/div>\n\t\t\t\t<\/div>\n\t\t\t\t\t<\/div>\n\t\t<\/div>\n\t\t\t\t\t<\/div>\n\t\t<\/section>\n\t\t\t\t<\/div>\n\t\t","protected":false},"excerpt":{"rendered":"<p>Oferta Zapoznanie z histori\u0105 regionu.Om\u00f3wienie \u015bredniowiecznego obyczaju, stroju i uzbrojenia wraz z mo\u017cliwo\u015bci\u0105 przymierzenia element\u00f3w zbroi.Pokazy walk rycerskich.Nauka fechtunku broni\u0105 treningow\u0105 dla m\u0142odszych uczestnik\u00f3w.Pokaz oraz nauka strzelania z \u0142uku historycznego wraz z mo\u017cliwo\u015bci\u0105 zorganizowania turnieju \u0142uczniczego dla wszystkich ch\u0119tnych. Szko\u0142a artylerii.Om\u00f3wienie rozwoju \u015bredniowiecznej broni czarnoprochowej.Pokaz jej \u0142adowania i strzelanie.Zaci\u0105g do artylerii (dla pe\u0142noletnich):mo\u017cliwo\u015b\u0107 przebrania si\u0119 [&hellip;]<\/p>\n","protected":false},"author":1,"featured_media":0,"parent":0,"menu_order":0,"comment_status":"closed","ping_status":"closed","template":"","meta":{"footnotes":""},"class_list":["post-14","page","type-page","status-publish","hentry"],"aioseo_notices":[],"yoast_head":"<!-- This site is optimized with the Yoast SEO plugin v18.8 - https:\/\/yoast.com\/wordpress\/plugins\/seo\/ -->\n<title>Oferta - Zast\u0119p Rycerski z Che\u0142mna<\/title>\n<meta name=\"robots\" content=\"index, follow, max-snippet:-1, max-image-preview:large, max-video-preview:-1\" \/>\n<link rel=\"canonical\" href=\"https:\/\/zastepchelmno.pl\/index.php\/oferta\/\" \/>\n<meta property=\"og:locale\" content=\"pl_PL\" \/>\n<meta property=\"og:type\" content=\"article\" \/>\n<meta property=\"og:title\" content=\"Oferta - Zast\u0119p Rycerski z Che\u0142mna\" \/>\n<meta property=\"og:description\" content=\"Oferta Zapoznanie z histori\u0105 regionu.Om\u00f3wienie \u015bredniowiecznego obyczaju, stroju i uzbrojenia wraz z mo\u017cliwo\u015bci\u0105 przymierzenia element\u00f3w zbroi.Pokazy walk rycerskich.Nauka fechtunku broni\u0105 treningow\u0105 dla m\u0142odszych uczestnik\u00f3w.Pokaz oraz nauka strzelania z \u0142uku historycznego wraz z mo\u017cliwo\u015bci\u0105 zorganizowania turnieju \u0142uczniczego dla wszystkich ch\u0119tnych. Szko\u0142a artylerii.Om\u00f3wienie rozwoju \u015bredniowiecznej broni czarnoprochowej.Pokaz jej \u0142adowania i strzelanie.Zaci\u0105g do artylerii (dla pe\u0142noletnich):mo\u017cliwo\u015b\u0107 przebrania si\u0119 [&hellip;]\" \/>\n<meta property=\"og:url\" content=\"https:\/\/zastepchelmno.pl\/index.php\/oferta\/\" \/>\n<meta property=\"og:site_name\" content=\"Zast\u0119p Rycerski z Che\u0142mna\" \/>\n<meta property=\"article:modified_time\" content=\"2022-02-18T07:19:58+00:00\" \/>\n<meta name=\"twitter:card\" content=\"summary_large_image\" \/>\n<meta name=\"twitter:label1\" content=\"Szacowany czas czytania\" \/>\n\t<meta name=\"twitter:data1\" content=\"1 minuta\" \/>\n<script type=\"application\/ld+json\" class=\"yoast-schema-graph\">{\"@context\":\"https:\/\/schema.org\",\"@graph\":[{\"@type\":\"WebSite\",\"@id\":\"https:\/\/zastepchelmno.pl\/#website\",\"url\":\"https:\/\/zastepchelmno.pl\/\",\"name\":\"Zast\u0119p Rycerski z Che\u0142mna\",\"description\":\"Stowarzyszenie non-profit skupiaj\u0105ce si\u0119 na rekonstrukcji historycznej z okresu p&oacute;\u017anego \u015bredniowiecza.\",\"potentialAction\":[{\"@type\":\"SearchAction\",\"target\":{\"@type\":\"EntryPoint\",\"urlTemplate\":\"https:\/\/zastepchelmno.pl\/?s={search_term_string}\"},\"query-input\":\"required name=search_term_string\"}],\"inLanguage\":\"pl-PL\"},{\"@type\":\"WebPage\",\"@id\":\"https:\/\/zastepchelmno.pl\/index.php\/oferta\/#webpage\",\"url\":\"https:\/\/zastepchelmno.pl\/index.php\/oferta\/\",\"name\":\"Oferta - Zast\u0119p Rycerski z Che\u0142mna\",\"isPartOf\":{\"@id\":\"https:\/\/zastepchelmno.pl\/#website\"},\"datePublished\":\"2021-11-06T16:12:22+00:00\",\"dateModified\":\"2022-02-18T07:19:58+00:00\",\"breadcrumb\":{\"@id\":\"https:\/\/zastepchelmno.pl\/index.php\/oferta\/#breadcrumb\"},\"inLanguage\":\"pl-PL\",\"potentialAction\":[{\"@type\":\"ReadAction\",\"target\":[\"https:\/\/zastepchelmno.pl\/index.php\/oferta\/\"]}]},{\"@type\":\"BreadcrumbList\",\"@id\":\"https:\/\/zastepchelmno.pl\/index.php\/oferta\/#breadcrumb\",\"itemListElement\":[{\"@type\":\"ListItem\",\"position\":1,\"name\":\"Strona g\u0142\u00f3wna\",\"item\":\"https:\/\/zastepchelmno.pl\/\"},{\"@type\":\"ListItem\",\"position\":2,\"name\":\"Oferta\"}]}]}<\/script>\n<!-- \/ Yoast SEO plugin. -->","yoast_head_json":{"title":"Oferta - Zast\u0119p Rycerski z Che\u0142mna","robots":{"index":"index","follow":"follow","max-snippet":"max-snippet:-1","max-image-preview":"max-image-preview:large","max-video-preview":"max-video-preview:-1"},"canonical":"https:\/\/zastepchelmno.pl\/index.php\/oferta\/","og_locale":"pl_PL","og_type":"article","og_title":"Oferta - Zast\u0119p Rycerski z Che\u0142mna","og_description":"Oferta Zapoznanie z histori\u0105 regionu.Om\u00f3wienie \u015bredniowiecznego obyczaju, stroju i uzbrojenia wraz z mo\u017cliwo\u015bci\u0105 przymierzenia element\u00f3w zbroi.Pokazy walk rycerskich.Nauka fechtunku broni\u0105 treningow\u0105 dla m\u0142odszych uczestnik\u00f3w.Pokaz oraz nauka strzelania z \u0142uku historycznego wraz z mo\u017cliwo\u015bci\u0105 zorganizowania turnieju \u0142uczniczego dla wszystkich ch\u0119tnych. Szko\u0142a artylerii.Om\u00f3wienie rozwoju \u015bredniowiecznej broni czarnoprochowej.Pokaz jej \u0142adowania i strzelanie.Zaci\u0105g do artylerii (dla pe\u0142noletnich):mo\u017cliwo\u015b\u0107 przebrania si\u0119 [&hellip;]","og_url":"https:\/\/zastepchelmno.pl\/index.php\/oferta\/","og_site_name":"Zast\u0119p Rycerski z Che\u0142mna","article_modified_time":"2022-02-18T07:19:58+00:00","twitter_card":"summary_large_image","twitter_misc":{"Szacowany czas czytania":"1 minuta"},"schema":{"@context":"https:\/\/schema.org","@graph":[{"@type":"WebSite","@id":"https:\/\/zastepchelmno.pl\/#website","url":"https:\/\/zastepchelmno.pl\/","name":"Zast\u0119p Rycerski z Che\u0142mna","description":"Stowarzyszenie non-profit skupiaj\u0105ce si\u0119 na rekonstrukcji historycznej z okresu p&oacute;\u017anego \u015bredniowiecza.","potentialAction":[{"@type":"SearchAction","target":{"@type":"EntryPoint","urlTemplate":"https:\/\/zastepchelmno.pl\/?s={search_term_string}"},"query-input":"required name=search_term_string"}],"inLanguage":"pl-PL"},{"@type":"WebPage","@id":"https:\/\/zastepchelmno.pl\/index.php\/oferta\/#webpage","url":"https:\/\/zastepchelmno.pl\/index.php\/oferta\/","name":"Oferta - Zast\u0119p Rycerski z Che\u0142mna","isPartOf":{"@id":"https:\/\/zastepchelmno.pl\/#website"},"datePublished":"2021-11-06T16:12:22+00:00","dateModified":"2022-02-18T07:19:58+00:00","breadcrumb":{"@id":"https:\/\/zastepchelmno.pl\/index.php\/oferta\/#breadcrumb"},"inLanguage":"pl-PL","potentialAction":[{"@type":"ReadAction","target":["https:\/\/zastepchelmno.pl\/index.php\/oferta\/"]}]},{"@type":"BreadcrumbList","@id":"https:\/\/zastepchelmno.pl\/index.php\/oferta\/#breadcrumb","itemListElement":[{"@type":"ListItem","position":1,"name":"Strona g\u0142\u00f3wna","item":"https:\/\/zastepchelmno.pl\/"},{"@type":"ListItem","position":2,"name":"Oferta"}]}]}},"_links":{"self":[{"href":"https:\/\/zastepchelmno.pl\/index.php\/wp-json\/wp\/v2\/pages\/14","targetHints":{"allow":["GET"]}}],"collection":[{"href":"https:\/\/zastepchelmno.pl\/index.php\/wp-json\/wp\/v2\/pages"}],"about":[{"href":"https:\/\/zastepchelmno.pl\/index.php\/wp-json\/wp\/v2\/types\/page"}],"author":[{"embeddable":true,"href":"https:\/\/zastepchelmno.pl\/index.php\/wp-json\/wp\/v2\/users\/1"}],"replies":[{"embeddable":true,"href":"https:\/\/zastepchelmno.pl\/index.php\/wp-json\/wp\/v2\/comments?post=14"}],"version-history":[{"count":31,"href":"https:\/\/zastepchelmno.pl\/index.php\/wp-json\/wp\/v2\/pages\/14\/revisions"}],"predecessor-version":[{"id":667,"href":"https:\/\/zastepchelmno.pl\/index.php\/wp-json\/wp\/v2\/pages\/14\/revisions\/667"}],"wp:attachment":[{"href":"https:\/\/zastepchelmno.pl\/index.php\/wp-json\/wp\/v2\/media?parent=14"}],"curies":[{"name":"wp","href":"https:\/\/api.w.org\/{rel}","templated":true}]}}